{"id":15429,"date":"2024-02-09T23:50:39","date_gmt":"2024-02-09T23:50:39","guid":{"rendered":"http:\/\/pimpari.com\/deltisport\/?post_type=product&#038;p=15429"},"modified":"2024-02-23T15:27:20","modified_gmt":"2024-02-23T15:27:20","slug":"camiseta-futbol-m-c-aero","status":"publish","type":"product","link":"https:\/\/pimpari.com\/deltisport\/product\/camiseta-futbol-m-c-aero\/","title":{"rendered":"Camiseta Futbol M\/C AERO"},"content":{"rendered":"<div id=\"cmsmasters_row_2o9o88ymx\" class=\"cmsmasters_row cmsmasters_color_scheme_default cmsmasters_row_top_default cmsmasters_row_bot_default cmsmasters_row_boxed\">\n<div class=\"cmsmasters_row_outer_parent\">\n<div class=\"cmsmasters_row_outer\">\n<div class=\"cmsmasters_row_inner\">\n<div class=\"cmsmasters_row_margin\">\n<div id=\"cmsmasters_column_g2tp1khk8w\" class=\"cmsmasters_column one_first\">\n<div class=\"cmsmasters_column_inner\"><div class=\"cmsmasters_text\">\n<h2><strong>Caracter\u00edsticas principales:<\/strong><\/h2>\n<ol>\n<li><strong>Tela de primera calidad:<\/strong> Fabricados con un tejido de Jersey Set de alta calidad, nuestras Camisetas ofrecen una sensaci\u00f3n suave y ligera contra la piel, permitiendo una total libertad de movimiento durante todo el partido. La tela transpirable ayuda a mantener a los jugadores frescos y c\u00f3modos incluso en los momentos m\u00e1s intensos del juego.<\/li>\n<li><strong>Estampado personalizado de calidad superior:<\/strong> Utilizamos maquinaria de ultima generaci\u00f3n de marcas lideres del mercado. Con la opci\u00f3n de estampado personalizado, puedes llevar el esp\u00edritu de tu equipo al siguiente nivel. Nuestro proceso de estampado garantiza colores vibrantes y duraderos que resisten el desgaste continuo, asegurando que el logotipo o dise\u00f1o de tu equipo permanezca intacto temporada tras temporada.<\/li>\n<li><strong>Dise\u00f1o ergon\u00f3mico:<\/strong> Las Camisetas est\u00e1n dise\u00f1adas con un corte ergon\u00f3mico que se adapta perfectamente al cuerpo, brindando un ajuste c\u00f3modo y favorecedor, mientras que las costuras reforzadas garantizan una durabilidad excepcional.<\/li>\n<li><strong>Versatilidad:<\/strong> Estas camisetas son ideales no solo para partidos de f\u00fatbol, sino tambi\u00e9n para entrenamientos intensivos y actividades deportivas en general. Su dise\u00f1o vers\u00e1til los hace perfectos para cualquier ocasi\u00f3n en la que se requiera comodidad y estilo sin sacrificar el rendimiento.<\/li>\n<\/ol>\n<\/div>\n<div class=\"cmsmasters_slider\"><\/div>\n<\/div><\/div>\n<\/div>\n<\/div>\n<\/div>\n<\/div>\n<\/div>\n\n","protected":false},"excerpt":{"rendered":"<p>\u00a1Haz que tu equipo destaque con nuestra Camiseta <strong>AERO<\/strong> Manga Corta<strong>\u00a0<\/strong>de excelente Calidad! Dise\u00f1ados para ofrecer el m\u00e1ximo <strong>confort<\/strong> y <strong>rendimiento<\/strong> en el campo, estas Camisetas son la elecci\u00f3n perfecta para cualquier equipo de f\u00fatbol que busque destacar en <strong>estilo<\/strong> y <strong>comodidad<\/strong>.<\/p>\n<ul>\n<li>\n<h4><span style=\"color: #fa5400;\"><b>TELA: <\/b><\/span><strong>Jersey Set<\/strong><\/h4>\n<\/li>\n<li>\n<h4><span style=\"color: #fa5400;\">CORTE:<\/span> B\u00e1sico<\/h4>\n<\/li>\n<li>\n<h4><span style=\"color: #fa5400;\">USO:<\/span> Deportivo. Padel, Futbol, Running, Gym entre otros<\/h4>\n<\/li>\n<\/ul>\n<p>\u25ba Valor exhibido por unidad. Para Equipos Deportivos Consultar Valor<\/p>\n<p><a href=\"http:\/\/pimpari.com\/deltisport\/camisetas-deportivas-personalizadas\/\"><img loading=\"lazy\" decoding=\"async\" class=\"alignnone wp-image-15368 size-full\" src=\"http:\/\/pimpari.com\/deltisport\/wp-content\/uploads\/2024\/02\/Boton-Equipo.jpg\" alt=\"\" width=\"500\" height=\"50\" srcset=\"https:\/\/pimpari.com\/deltisport\/wp-content\/uploads\/2024\/02\/Boton-Equipo.jpg 500w, https:\/\/pimpari.com\/deltisport\/wp-content\/uploads\/2024\/02\/Boton-Equipo-300x30.jpg 300w\" sizes=\"auto, (max-width: 500px) 100vw, 500px\" \/><\/a><\/p>\n","protected":false},"featured_media":15328,"template":"","meta":{"content-type":""},"product_cat":[109,112,115,140,105,106,107],"product_tag":[138,139],"class_list":{"0":"post-15429","1":"product","2":"type-product","3":"status-publish","4":"has-post-thumbnail","6":"product_cat-camisetas","7":"product_cat-camisetas-mujer","8":"product_cat-camisetas-ninos","9":"product_cat-futbol","10":"product_cat-hombre","11":"product_cat-mujer","12":"product_cat-ninos","13":"product_tag-camiseta","14":"product_tag-futbol","16":"first","17":"instock","18":"sale","19":"taxable","20":"shipping-taxable","21":"purchasable","22":"product-type-variable","23":"has-default-attributes"},"yoast_head":"<!-- This site is optimized with the Yoast SEO plugin v23.0 - https:\/\/yoast.com\/wordpress\/plugins\/seo\/ -->\n<title>Camiseta Futbol M\/C AERO | DELTI Sport<\/title>\n<meta name=\"robots\" content=\"index, follow, max-snippet:-1, max-image-preview:large, max-video-preview:-1\" \/>\n<link rel=\"canonical\" href=\"https:\/\/pimpari.com\/deltisport\/product\/camiseta-futbol-m-c-aero\/\" \/>\n<meta property=\"og:locale\" content=\"es_ES\" \/>\n<meta property=\"og:type\" content=\"article\" \/>\n<meta property=\"og:title\" content=\"Camiseta Futbol M\/C AERO | DELTI Sport\" \/>\n<meta property=\"og:description\" content=\"\u00a1Haz que tu equipo destaque con nuestra Camiseta AERO Manga Corta\u00a0de excelente Calidad! Dise\u00f1ados para ofrecer el m\u00e1ximo confort y rendimiento en el campo, estas Camisetas son la elecci\u00f3n perfecta para cualquier equipo de f\u00fatbol que busque destacar en estilo y comodidad.    TELA: Jersey Set    CORTE: B\u00e1sico    USO: Deportivo. Padel, Futbol, Running, Gym entre otros   \u25ba Valor exhibido por unidad. Para Equipos Deportivos Consultar Valor\" \/>\n<meta property=\"og:url\" content=\"https:\/\/pimpari.com\/deltisport\/product\/camiseta-futbol-m-c-aero\/\" \/>\n<meta property=\"og:site_name\" content=\"DELTI Sport\" \/>\n<meta property=\"article:publisher\" content=\"https:\/\/www.facebook.com\/deltiarg\" \/>\n<meta property=\"article:modified_time\" content=\"2024-02-23T15:27:20+00:00\" \/>\n<meta property=\"og:image\" content=\"https:\/\/pimpari.com\/deltisport\/wp-content\/uploads\/2024\/02\/Remera-Cuello-Redondo-Jersey-Set-scaled.jpg\" \/>\n\t<meta property=\"og:image:width\" content=\"2190\" \/>\n\t<meta property=\"og:image:height\" content=\"2560\" \/>\n\t<meta property=\"og:image:type\" content=\"image\/jpeg\" \/>\n<meta name=\"twitter:card\" content=\"summary_large_image\" \/>\n<meta name=\"twitter:label1\" content=\"Tiempo de lectura\" \/>\n\t<meta name=\"twitter:data1\" content=\"2 minutos\" \/>\n<script type=\"application\/ld+json\" class=\"yoast-schema-graph\">{\"@context\":\"https:\/\/schema.org\",\"@graph\":[{\"@type\":[\"WebPage\",\"ItemPage\"],\"@id\":\"https:\/\/pimpari.com\/deltisport\/product\/camiseta-futbol-m-c-aero\/\",\"url\":\"https:\/\/pimpari.com\/deltisport\/product\/camiseta-futbol-m-c-aero\/\",\"name\":\"Camiseta Futbol M\/C AERO | DELTI Sport\",\"isPartOf\":{\"@id\":\"https:\/\/pimpari.com\/deltisport\/#website\"},\"primaryImageOfPage\":{\"@id\":\"https:\/\/pimpari.com\/deltisport\/product\/camiseta-futbol-m-c-aero\/#primaryimage\"},\"image\":{\"@id\":\"https:\/\/pimpari.com\/deltisport\/product\/camiseta-futbol-m-c-aero\/#primaryimage\"},\"thumbnailUrl\":\"https:\/\/pimpari.com\/deltisport\/wp-content\/uploads\/2024\/02\/Remera-Cuello-Redondo-Jersey-Set-scaled.jpg\",\"datePublished\":\"2024-02-09T23:50:39+00:00\",\"dateModified\":\"2024-02-23T15:27:20+00:00\",\"breadcrumb\":{\"@id\":\"https:\/\/pimpari.com\/deltisport\/product\/camiseta-futbol-m-c-aero\/#breadcrumb\"},\"inLanguage\":\"es\",\"potentialAction\":[{\"@type\":\"ReadAction\",\"target\":[\"https:\/\/pimpari.com\/deltisport\/product\/camiseta-futbol-m-c-aero\/\"]}]},{\"@type\":\"ImageObject\",\"inLanguage\":\"es\",\"@id\":\"https:\/\/pimpari.com\/deltisport\/product\/camiseta-futbol-m-c-aero\/#primaryimage\",\"url\":\"https:\/\/pimpari.com\/deltisport\/wp-content\/uploads\/2024\/02\/Remera-Cuello-Redondo-Jersey-Set-scaled.jpg\",\"contentUrl\":\"https:\/\/pimpari.com\/deltisport\/wp-content\/uploads\/2024\/02\/Remera-Cuello-Redondo-Jersey-Set-scaled.jpg\",\"width\":2190,\"height\":2560},{\"@type\":\"BreadcrumbList\",\"@id\":\"https:\/\/pimpari.com\/deltisport\/product\/camiseta-futbol-m-c-aero\/#breadcrumb\",\"itemListElement\":[{\"@type\":\"ListItem\",\"position\":1,\"name\":\"Portada\",\"item\":\"https:\/\/pimpari.com\/deltisport\/\"},{\"@type\":\"ListItem\",\"position\":2,\"name\":\"Shop\",\"item\":\"https:\/\/pimpari.com\/deltisport\/compra-ropa-deportiva\/\"},{\"@type\":\"ListItem\",\"position\":3,\"name\":\"Camiseta Futbol M\/C AERO\"}]},{\"@type\":\"WebSite\",\"@id\":\"https:\/\/pimpari.com\/deltisport\/#website\",\"url\":\"https:\/\/pimpari.com\/deltisport\/\",\"name\":\"DELTI Sport\",\"description\":\"La mejor opci\u00f3n en Indumentaria para tu Equipo\",\"publisher\":{\"@id\":\"https:\/\/pimpari.com\/deltisport\/#organization\"},\"potentialAction\":[{\"@type\":\"SearchAction\",\"target\":{\"@type\":\"EntryPoint\",\"urlTemplate\":\"https:\/\/pimpari.com\/deltisport\/?s={search_term_string}\"},\"query-input\":\"required name=search_term_string\"}],\"inLanguage\":\"es\"},{\"@type\":\"Organization\",\"@id\":\"https:\/\/pimpari.com\/deltisport\/#organization\",\"name\":\"DELTI Sport\",\"alternateName\":\"Delti\",\"url\":\"https:\/\/pimpari.com\/deltisport\/\",\"logo\":{\"@type\":\"ImageObject\",\"inLanguage\":\"es\",\"@id\":\"https:\/\/pimpari.com\/deltisport\/#\/schema\/logo\/image\/\",\"url\":\"http:\/\/pimpari.com\/deltisport\/wp-content\/uploads\/2024\/02\/Logo-copia-scaled-e1708204698874.jpg\",\"contentUrl\":\"http:\/\/pimpari.com\/deltisport\/wp-content\/uploads\/2024\/02\/Logo-copia-scaled-e1708204698874.jpg\",\"width\":2560,\"height\":1126,\"caption\":\"DELTI Sport\"},\"image\":{\"@id\":\"https:\/\/pimpari.com\/deltisport\/#\/schema\/logo\/image\/\"},\"sameAs\":[\"https:\/\/www.facebook.com\/deltiarg\",\"https:\/\/www.instagram.com\/deltisport\/\"]}]}<\/script>\n<!-- \/ Yoast SEO plugin. -->","yoast_head_json":{"title":"Camiseta Futbol M\/C AERO | DELTI Sport","robots":{"index":"index","follow":"follow","max-snippet":"max-snippet:-1","max-image-preview":"max-image-preview:large","max-video-preview":"max-video-preview:-1"},"canonical":"https:\/\/pimpari.com\/deltisport\/product\/camiseta-futbol-m-c-aero\/","og_locale":"es_ES","og_type":"article","og_title":"Camiseta Futbol M\/C AERO | DELTI Sport","og_description":"\u00a1Haz que tu equipo destaque con nuestra Camiseta AERO Manga Corta\u00a0de excelente Calidad! Dise\u00f1ados para ofrecer el m\u00e1ximo confort y rendimiento en el campo, estas Camisetas son la elecci\u00f3n perfecta para cualquier equipo de f\u00fatbol que busque destacar en estilo y comodidad.    TELA: Jersey Set    CORTE: B\u00e1sico    USO: Deportivo. Padel, Futbol, Running, Gym entre otros   \u25ba Valor exhibido por unidad. Para Equipos Deportivos Consultar Valor","og_url":"https:\/\/pimpari.com\/deltisport\/product\/camiseta-futbol-m-c-aero\/","og_site_name":"DELTI Sport","article_publisher":"https:\/\/www.facebook.com\/deltiarg","article_modified_time":"2024-02-23T15:27:20+00:00","og_image":[{"width":2190,"height":2560,"url":"https:\/\/pimpari.com\/deltisport\/wp-content\/uploads\/2024\/02\/Remera-Cuello-Redondo-Jersey-Set-scaled.jpg","type":"image\/jpeg"}],"twitter_card":"summary_large_image","twitter_misc":{"Tiempo de lectura":"2 minutos"},"schema":{"@context":"https:\/\/schema.org","@graph":[{"@type":["WebPage","ItemPage"],"@id":"https:\/\/pimpari.com\/deltisport\/product\/camiseta-futbol-m-c-aero\/","url":"https:\/\/pimpari.com\/deltisport\/product\/camiseta-futbol-m-c-aero\/","name":"Camiseta Futbol M\/C AERO | DELTI Sport","isPartOf":{"@id":"https:\/\/pimpari.com\/deltisport\/#website"},"primaryImageOfPage":{"@id":"https:\/\/pimpari.com\/deltisport\/product\/camiseta-futbol-m-c-aero\/#primaryimage"},"image":{"@id":"https:\/\/pimpari.com\/deltisport\/product\/camiseta-futbol-m-c-aero\/#primaryimage"},"thumbnailUrl":"https:\/\/pimpari.com\/deltisport\/wp-content\/uploads\/2024\/02\/Remera-Cuello-Redondo-Jersey-Set-scaled.jpg","datePublished":"2024-02-09T23:50:39+00:00","dateModified":"2024-02-23T15:27:20+00:00","breadcrumb":{"@id":"https:\/\/pimpari.com\/deltisport\/product\/camiseta-futbol-m-c-aero\/#breadcrumb"},"inLanguage":"es","potentialAction":[{"@type":"ReadAction","target":["https:\/\/pimpari.com\/deltisport\/product\/camiseta-futbol-m-c-aero\/"]}]},{"@type":"ImageObject","inLanguage":"es","@id":"https:\/\/pimpari.com\/deltisport\/product\/camiseta-futbol-m-c-aero\/#primaryimage","url":"https:\/\/pimpari.com\/deltisport\/wp-content\/uploads\/2024\/02\/Remera-Cuello-Redondo-Jersey-Set-scaled.jpg","contentUrl":"https:\/\/pimpari.com\/deltisport\/wp-content\/uploads\/2024\/02\/Remera-Cuello-Redondo-Jersey-Set-scaled.jpg","width":2190,"height":2560},{"@type":"BreadcrumbList","@id":"https:\/\/pimpari.com\/deltisport\/product\/camiseta-futbol-m-c-aero\/#breadcrumb","itemListElement":[{"@type":"ListItem","position":1,"name":"Portada","item":"https:\/\/pimpari.com\/deltisport\/"},{"@type":"ListItem","position":2,"name":"Shop","item":"https:\/\/pimpari.com\/deltisport\/compra-ropa-deportiva\/"},{"@type":"ListItem","position":3,"name":"Camiseta Futbol M\/C AERO"}]},{"@type":"WebSite","@id":"https:\/\/pimpari.com\/deltisport\/#website","url":"https:\/\/pimpari.com\/deltisport\/","name":"DELTI Sport","description":"La mejor opci\u00f3n en Indumentaria para tu Equipo","publisher":{"@id":"https:\/\/pimpari.com\/deltisport\/#organization"},"potentialAction":[{"@type":"SearchAction","target":{"@type":"EntryPoint","urlTemplate":"https:\/\/pimpari.com\/deltisport\/?s={search_term_string}"},"query-input":"required name=search_term_string"}],"inLanguage":"es"},{"@type":"Organization","@id":"https:\/\/pimpari.com\/deltisport\/#organization","name":"DELTI Sport","alternateName":"Delti","url":"https:\/\/pimpari.com\/deltisport\/","logo":{"@type":"ImageObject","inLanguage":"es","@id":"https:\/\/pimpari.com\/deltisport\/#\/schema\/logo\/image\/","url":"http:\/\/pimpari.com\/deltisport\/wp-content\/uploads\/2024\/02\/Logo-copia-scaled-e1708204698874.jpg","contentUrl":"http:\/\/pimpari.com\/deltisport\/wp-content\/uploads\/2024\/02\/Logo-copia-scaled-e1708204698874.jpg","width":2560,"height":1126,"caption":"DELTI Sport"},"image":{"@id":"https:\/\/pimpari.com\/deltisport\/#\/schema\/logo\/image\/"},"sameAs":["https:\/\/www.facebook.com\/deltiarg","https:\/\/www.instagram.com\/deltisport\/"]}]}},"_links":{"self":[{"href":"https:\/\/pimpari.com\/deltisport\/wp-json\/wp\/v2\/product\/15429","targetHints":{"allow":["GET"]}}],"collection":[{"href":"https:\/\/pimpari.com\/deltisport\/wp-json\/wp\/v2\/product"}],"about":[{"href":"https:\/\/pimpari.com\/deltisport\/wp-json\/wp\/v2\/types\/product"}],"wp:featuredmedia":[{"embeddable":true,"href":"https:\/\/pimpari.com\/deltisport\/wp-json\/wp\/v2\/media\/15328"}],"wp:attachment":[{"href":"https:\/\/pimpari.com\/deltisport\/wp-json\/wp\/v2\/media?parent=15429"}],"wp:term":[{"taxonomy":"product_cat","embeddable":true,"href":"https:\/\/pimpari.com\/deltisport\/wp-json\/wp\/v2\/product_cat?post=15429"},{"taxonomy":"product_tag","embeddable":true,"href":"https:\/\/pimpari.com\/deltisport\/wp-json\/wp\/v2\/product_tag?post=15429"}],"curies":[{"name":"wp","href":"https:\/\/api.w.org\/{rel}","templated":true}]}}